{"id":427,"date":"2020-03-14T20:25:35","date_gmt":"2020-03-14T20:25:35","guid":{"rendered":"https:\/\/www.mirai-sec.com\/?page_id=427"},"modified":"2020-03-18T12:53:36","modified_gmt":"2020-03-18T12:53:36","slug":"privacy-rights","status":"publish","type":"page","link":"https:\/\/www.mirai-sec.com\/en\/privacy-rights\/","title":{"rendered":"Privacy Rights"},"content":{"rendered":"\t\t<div data-elementor-type=\"wp-page\" data-elementor-id=\"427\" class=\"elementor elementor-427\" data-elementor-post-type=\"page\">\n\t\t\t\t\t\t<section class=\"elementor-section elementor-top-section elementor-element elementor-element-a643174 elementor-section-content-middle elementor-section-boxed elementor-section-height-default elementor-section-height-default\" data-id=\"a643174\" data-element_type=\"section\" data-e-type=\"section\">\n\t\t\t\t\t\t<div class=\"elementor-container elementor-column-gap-default\">\n\t\t\t\t\t<div class=\"elementor-column elementor-col-33 elementor-top-column elementor-element elementor-element-cd14b55\" data-id=\"cd14b55\" data-element_type=\"column\" data-e-type=\"column\">\n\t\t\t<div class=\"elementor-widget-wrap elementor-element-populated\">\n\t\t\t\t\t\t<div class=\"elementor-element elementor-element-dd0d959 elementor-widget elementor-widget-heading\" data-id=\"dd0d959\" data-element_type=\"widget\" data-e-type=\"widget\" data-widget_type=\"heading.default\">\n\t\t\t\t<div class=\"elementor-widget-container\">\n\t\t\t\t\t<p class=\"elementor-heading-title elementor-size-large\">Privacy Rights<\/p>\t\t\t\t<\/div>\n\t\t\t\t<\/div>\n\t\t\t\t\t<\/div>\n\t\t<\/div>\n\t\t\t\t<div class=\"elementor-column elementor-col-33 elementor-top-column elementor-element elementor-element-9f8d5dc\" data-id=\"9f8d5dc\" data-element_type=\"column\" data-e-type=\"column\">\n\t\t\t<div class=\"elementor-widget-wrap elementor-element-populated\">\n\t\t\t\t\t\t<div class=\"elementor-element elementor-element-a2e2e3c elementor-widget elementor-widget-heading\" data-id=\"a2e2e3c\" data-element_type=\"widget\" data-e-type=\"widget\" data-widget_type=\"heading.default\">\n\t\t\t\t<div class=\"elementor-widget-container\">\n\t\t\t\t\t<h2 class=\"elementor-heading-title elementor-size-large\">Have a question?<\/h2>\t\t\t\t<\/div>\n\t\t\t\t<\/div>\n\t\t\t\t\t<\/div>\n\t\t<\/div>\n\t\t\t\t<div class=\"elementor-column elementor-col-33 elementor-top-column elementor-element elementor-element-7dc6688\" data-id=\"7dc6688\" data-element_type=\"column\" data-e-type=\"column\">\n\t\t\t<div class=\"elementor-widget-wrap elementor-element-populated\">\n\t\t\t\t\t\t<div class=\"elementor-element elementor-element-d417d81 elementor-widget elementor-widget-heading\" data-id=\"d417d81\" data-element_type=\"widget\" data-e-type=\"widget\" data-widget_type=\"heading.default\">\n\t\t\t\t<div class=\"elementor-widget-container\">\n\t\t\t\t\t<p class=\"elementor-heading-title elementor-size-small\">privacy@mirai-sec.com<\/p>\t\t\t\t<\/div>\n\t\t\t\t<\/div>\n\t\t\t\t\t<\/div>\n\t\t<\/div>\n\t\t\t\t\t<\/div>\n\t\t<\/section>\n\t\t\t\t<section class=\"elementor-section elementor-top-section elementor-element elementor-element-2bb5579 elementor-section-boxed elementor-section-height-default elementor-section-height-default\" data-id=\"2bb5579\" data-element_type=\"section\" data-e-type=\"section\" data-settings=\"{&quot;background_background&quot;:&quot;classic&quot;}\">\n\t\t\t\t\t\t<div class=\"elementor-container elementor-column-gap-default\">\n\t\t\t\t\t<div class=\"elementor-column elementor-col-100 elementor-top-column elementor-element elementor-element-c96925a\" data-id=\"c96925a\" data-element_type=\"column\" data-e-type=\"column\">\n\t\t\t<div class=\"elementor-widget-wrap elementor-element-populated\">\n\t\t\t\t\t\t<div class=\"elementor-element elementor-element-ea78fc1 elementor-widget elementor-widget-heading\" data-id=\"ea78fc1\" data-element_type=\"widget\" data-e-type=\"widget\" data-widget_type=\"heading.default\">\n\t\t\t\t<div class=\"elementor-widget-container\">\n\t\t\t\t\t<p class=\"elementor-heading-title elementor-size-large\">Modulo di esercizio dei diritti dell\u2019interessato<\/p>\t\t\t\t<\/div>\n\t\t\t\t<\/div>\n\t\t\t\t<div class=\"elementor-element elementor-element-351c408 elementor-button-align-stretch elementor-widget elementor-widget-form\" data-id=\"351c408\" data-element_type=\"widget\" data-e-type=\"widget\" data-settings=\"{&quot;button_width&quot;:&quot;100&quot;,&quot;step_next_label&quot;:&quot;Next&quot;,&quot;step_previous_label&quot;:&quot;Previous&quot;,&quot;step_type&quot;:&quot;number_text&quot;,&quot;step_icon_shape&quot;:&quot;circle&quot;}\" data-widget_type=\"form.default\">\n\t\t\t\t<div class=\"elementor-widget-container\">\n\t\t\t\t\t\t\t<form class=\"elementor-form\" method=\"post\" name=\"New Form\">\n\t\t\t<input type=\"hidden\" name=\"post_id\" value=\"427\"\/>\n\t\t\t<input type=\"hidden\" name=\"form_id\" value=\"351c408\"\/>\n\t\t\t<input type=\"hidden\" name=\"referer_title\" value=\"Privacy Rights\" \/>\n\n\t\t\t\t\t\t\t<input type=\"hidden\" name=\"queried_id\" value=\"427\"\/>\n\t\t\t\n\t\t\t<div class=\"elementor-form-fields-wrapper elementor-labels-above\">\n\t\t\t\t\t\t\t\t<div class=\"elementor-field-type-text elementor-field-group elementor-column elementor-field-group-name elementor-col-100 elementor-field-required\">\n\t\t\t\t\t\t\t\t\t\t\t\t<label for=\"form-field-name\" class=\"elementor-field-label\">\n\t\t\t\t\t\t\t\tNome\t\t\t\t\t\t\t<\/label>\n\t\t\t\t\t\t\t\t\t\t\t\t\t\t<input size=\"1\" type=\"text\" name=\"form_fields[name]\" id=\"form-field-name\" class=\"elementor-field elementor-size-sm  elementor-field-textual\" placeholder=\"Name\" required=\"required\">\n\t\t\t\t\t\t\t\t\t\t\t<\/div>\n\t\t\t\t\t\t\t\t<div class=\"elementor-field-type-email elementor-field-group elementor-column elementor-field-group-email elementor-col-100 elementor-field-required\">\n\t\t\t\t\t\t\t\t\t\t\t\t<label for=\"form-field-email\" class=\"elementor-field-label\">\n\t\t\t\t\t\t\t\tEmail\t\t\t\t\t\t\t<\/label>\n\t\t\t\t\t\t\t\t\t\t\t\t\t\t<input size=\"1\" type=\"email\" name=\"form_fields[email]\" id=\"form-field-email\" class=\"elementor-field elementor-size-sm  elementor-field-textual\" placeholder=\"Email\" required=\"required\">\n\t\t\t\t\t\t\t\t\t\t\t<\/div>\n\t\t\t\t\t\t\t\t<div class=\"elementor-field-type-text elementor-field-group elementor-column elementor-field-group-company elementor-col-100\">\n\t\t\t\t\t\t\t\t\t\t\t\t<label for=\"form-field-company\" class=\"elementor-field-label\">\n\t\t\t\t\t\t\t\tSociet\u00e0\t\t\t\t\t\t\t<\/label>\n\t\t\t\t\t\t\t\t\t\t\t\t\t\t<input size=\"1\" type=\"text\" name=\"form_fields[company]\" id=\"form-field-company\" class=\"elementor-field elementor-size-sm  elementor-field-textual\" placeholder=\"Company\">\n\t\t\t\t\t\t\t\t\t\t\t<\/div>\n\t\t\t\t\t\t\t\t<div class=\"elementor-field-type-text elementor-field-group elementor-column elementor-field-group-articolo elementor-col-100 elementor-sm-100 elementor-field-required\">\n\t\t\t\t\t\t\t\t\t\t\t\t<label for=\"form-field-articolo\" class=\"elementor-field-label\">\n\t\t\t\t\t\t\t\tDiritto\t\t\t\t\t\t\t<\/label>\n\t\t\t\t\t\t\t\t\t\t\t\t\t\t<input size=\"1\" type=\"text\" name=\"form_fields[articolo]\" id=\"form-field-articolo\" class=\"elementor-field elementor-size-sm  elementor-field-textual\" placeholder=\"Articolo GDPR sottostsante\" required=\"required\">\n\t\t\t\t\t\t\t\t\t\t\t<\/div>\n\t\t\t\t\t\t\t\t<div class=\"elementor-field-type-textarea elementor-field-group elementor-column elementor-field-group-message elementor-col-100 elementor-field-required\">\n\t\t\t\t\t\t\t\t\t\t\t\t<label for=\"form-field-message\" class=\"elementor-field-label\">\n\t\t\t\t\t\t\t\tMessaggio\t\t\t\t\t\t\t<\/label>\n\t\t\t\t\t\t<textarea class=\"elementor-field-textual elementor-field  elementor-size-sm\" name=\"form_fields[message]\" id=\"form-field-message\" rows=\"4\" placeholder=\"Description\" required=\"required\"><\/textarea>\t\t\t\t<\/div>\n\t\t\t\t\t\t\t\t<div class=\"elementor-field-group elementor-column elementor-field-type-submit elementor-col-100 e-form__buttons\">\n\t\t\t\t\t<button class=\"elementor-button elementor-size-sm\" type=\"submit\">\n\t\t\t\t\t\t<span class=\"elementor-button-content-wrapper\">\n\t\t\t\t\t\t\t\t\t\t\t\t\t\t\t\t\t\t\t\t\t\t<span class=\"elementor-button-text\">Send<\/span>\n\t\t\t\t\t\t\t\t\t\t\t\t\t<\/span>\n\t\t\t\t\t<\/button>\n\t\t\t\t<\/div>\n\t\t\t<\/div>\n\t\t<\/form>\n\t\t\t\t\t\t<\/div>\n\t\t\t\t<\/div>\n\t\t\t\t<div class=\"elementor-element elementor-element-6ede6cc elementor-widget elementor-widget-text-editor\" data-id=\"6ede6cc\" data-element_type=\"widget\" data-e-type=\"widget\" data-widget_type=\"text-editor.default\">\n\t\t\t\t<div class=\"elementor-widget-container\">\n\t\t\t\t\t\t\t\t\t<p>Le diverse categorie di Interessati (persone fisiche a cui il dato personale \u00e8 collegato) possono inoltrate le proprie richieste di esercizio dei diritti tramite il presente modulo.<\/p><p>Le richieste verranno processate e le risposte saranno comunicate all\u2019indirizzo mail indicato dall\u2019utente nell\u2019apposito campo del form al pi\u00f9 tardi entro un 30 giorni dall\u2019invio della richiesta. Nel caso in cui la societ\u00e0 a cui \u00e8 indirizzata la richiesta non potesse dar seguito alla stessa, la risposta conterr\u00e0 gli eventuali motivi che le impediscono di fornire le informazioni o svolgere le operazioni richieste.<\/p><p>Si prega di indicare nel campo \u00abdescrizione\u00bb del modulo di cui sotto, ogni elemento utile a chiarire l\u2019ambito di applicazione della richiesta e le sue motivazioni.<\/p><table><thead><tr><td width=\"200\"><p><strong>Diritto<\/strong><\/p><\/td><td width=\"200\"><p><strong>Descrizione<\/strong><\/p><\/td><\/tr><\/thead><tbody><tr><td><p><strong>Accesso ai dati personali \u2013 art. 15 GDPR<\/strong><\/p><\/td><td><p>L\u2019Interessato\u00a0<strong>CHIEDE CONFERMA<\/strong>\u00a0al Titolare che abbia in corso trattamenti di dati personali che lo riguardano secondo quanto indicato nel campo \u00abDescrizione della richiesta\u00bb del presente form.<\/p><\/td><\/tr><tr><td><p><strong>Richiesta di rettifica e\/o aggiornamento dei dati \u2013 art. 16 GDPR<\/strong><\/p><\/td><td><p>L\u2019Interessato chiede al Titolare di effettuare la\u00a0<strong>RETTIFICA e\/o l\u2019AGGIORNAMENTO<\/strong>\u00a0dei dati personali che lo riguardano secondo quanto indicato nel campo \u00abDescrizione della richiesta\u00bb del presente form.<\/p><\/td><\/tr><tr><td><p><strong>Richiesta di cancellazione dei dati \u2013 art. 17, par. 1, GDPR<\/strong><\/p><\/td><td><p>L\u2019Interessato chiede al Titolare di effettuare la\u00a0<strong>CANCELLAZIONE<\/strong>\u00a0dei dati personali che lo riguardano indicati nel campo \u00abDescrizione della richiesta\u00bb del presente form, all\u2019interno del quale dovr\u00e0 inserire obbligatoriamente, pena la non evasione della richiesta, le relative motivazioni.<\/p><\/td><\/tr><tr><td><p><strong>Richiesta di limitazione del trattamento \u2013 art. 18 GDPR<\/strong><\/p><\/td><td><p>L\u2019Interessato chiede al Titolare di effettuare la LIMITAZIONE al trattamento dei dati personali che lo riguardano indicati nel campo \u00abDescrizione della richiesta\u00bb del presente form, all\u2019interno del quale dovr\u00e0 inserire obbligatoriamente, pena la non evasione della richiesta, anche la motivazione:<\/p><ul><li>contesta l\u2019esattezza dei dati personali;<\/li><li>il trattamento dei dati \u00e8 illecito;<\/li><li>i dati sono necessari all\u2019interessato per l\u2019accertamento, l\u2019esercizio o la difesa di un diritto in sede giudiziaria;<\/li><li>l\u2019interessato si \u00e8 opposto al trattamento dei dati ai sensi dell\u2019art. 21, par. 1, del Regolamento (UE) 2016\/679.<\/li><\/ul><\/td><\/tr><tr><td><p><strong>Portabilit\u00e0 dei dati \u2013 art. 20 GDPR<\/strong><\/p><\/td><td><p>L\u2019Interessato chiede al Titolare di\u00a0<strong>RICEVERE<\/strong>\u00a0i dati personali che lo riguardano indicati nel campo \u00abDescrizione della richiesta\u00bb del presente form, in un formato strutturato, di uso comune e leggibile da dispositivo automatico.<\/p><\/td><\/tr><tr><td><p><strong>Opposizione al trattamento \u2013 art. 21, par 1 GDPR<\/strong><\/p><\/td><td><p>L\u2019Interessato si\u00a0<strong>OPPONE<\/strong>\u00a0al trattamento dei suoi dati personali da parte del Titolare ai sensi dell\u2019art. 6, paragrafo 1, lettera e) opp. lettera f) del GDPR, per i motivi legati alla sua situazione particolare indicata obbligatoriamente, pena la non evasione della richiesta, nel campo \u00abDescrizione della richiesta\u00bb del presente form.<\/p><\/td><\/tr><tr><td><p><strong>Opposizione al trattamento per fini di marketing diretto \u2013 art. 21, par. 2 GDPR<\/strong><\/p><\/td><td><p>L\u2019Interessato si<strong>\u00a0OPPONE<\/strong>\u00a0al trattamento dei suoi dati personali da parte del Titolare effettuato a fini di invio di materiale pubblicitario o di vendita diretta o per il compimento di ricerche di mercato o di comunicazione commerciale, secondo quanto indicato nel campo \u00abDescrizione della richiesta\u00bb del presente form.<\/p><\/td><\/tr><\/tbody><\/table>\t\t\t\t\t\t\t\t<\/div>\n\t\t\t\t<\/div>\n\t\t\t\t\t<\/div>\n\t\t<\/div>\n\t\t\t\t\t<\/div>\n\t\t<\/section>\n\t\t\t\t<\/div>\n\t\t","protected":false},"excerpt":{"rendered":"<p>Privacy Rights Have a question? privacy@mirai-sec.com Modulo di esercizio dei diritti dell\u2019interessato Le diverse categorie di Interessati (persone fisiche a cui il dato personale \u00e8 collegato) possono inoltrate le proprie richieste di esercizio dei diritti tramite il presente modulo. Le richieste verranno processate e le risposte saranno comunicate all\u2019indirizzo mail indicato dall\u2019utente nell\u2019apposito campo del [&hellip;]<\/p>\n","protected":false},"author":1,"featured_media":0,"parent":0,"menu_order":0,"comment_status":"closed","ping_status":"closed","template":"elementor_canvas","meta":{"footnotes":""},"class_list":["post-427","page","type-page","status-publish","hentry"],"_links":{"self":[{"href":"https:\/\/www.mirai-sec.com\/en\/wp-json\/wp\/v2\/pages\/427","targetHints":{"allow":["GET"]}}],"collection":[{"href":"https:\/\/www.mirai-sec.com\/en\/wp-json\/wp\/v2\/pages"}],"about":[{"href":"https:\/\/www.mirai-sec.com\/en\/wp-json\/wp\/v2\/types\/page"}],"author":[{"embeddable":true,"href":"https:\/\/www.mirai-sec.com\/en\/wp-json\/wp\/v2\/users\/1"}],"replies":[{"embeddable":true,"href":"https:\/\/www.mirai-sec.com\/en\/wp-json\/wp\/v2\/comments?post=427"}],"version-history":[{"count":14,"href":"https:\/\/www.mirai-sec.com\/en\/wp-json\/wp\/v2\/pages\/427\/revisions"}],"predecessor-version":[{"id":715,"href":"https:\/\/www.mirai-sec.com\/en\/wp-json\/wp\/v2\/pages\/427\/revisions\/715"}],"wp:attachment":[{"href":"https:\/\/www.mirai-sec.com\/en\/wp-json\/wp\/v2\/media?parent=427"}],"curies":[{"name":"wp","href":"https:\/\/api.w.org\/{rel}","templated":true}]}}