{"id":3,"date":"2020-03-09T18:40:56","date_gmt":"2020-03-09T18:40:56","guid":{"rendered":"https:\/\/www.mirai-sec.com\/?page_id=3"},"modified":"2020-03-18T12:53:27","modified_gmt":"2020-03-18T12:53:27","slug":"privacy","status":"publish","type":"page","link":"https:\/\/www.mirai-sec.com\/en\/privacy\/","title":{"rendered":"Privacy Policy"},"content":{"rendered":"<div data-elementor-type=\"wp-page\" data-elementor-id=\"3\" class=\"elementor elementor-3\" data-elementor-post-type=\"page\">\n\t\t\t\t\t\t<section class=\"elementor-section elementor-top-section elementor-element elementor-element-229af711 elementor-section-content-middle elementor-section-boxed elementor-section-height-default elementor-section-height-default\" data-id=\"229af711\" data-element_type=\"section\" data-e-type=\"section\">\n\t\t\t\t\t\t<div class=\"elementor-container elementor-column-gap-default\">\n\t\t\t\t\t<div class=\"elementor-column elementor-col-33 elementor-top-column elementor-element elementor-element-52d2949a\" data-id=\"52d2949a\" data-element_type=\"column\" data-e-type=\"column\">\n\t\t\t<div class=\"elementor-widget-wrap elementor-element-populated\">\n\t\t\t\t\t\t<div class=\"elementor-element elementor-element-d5806ef elementor-widget elementor-widget-heading\" data-id=\"d5806ef\" data-element_type=\"widget\" data-e-type=\"widget\" data-widget_type=\"heading.default\">\n\t\t\t\t<div class=\"elementor-widget-container\">\n\t\t\t\t\t<p class=\"elementor-heading-title elementor-size-large\">Privacy Policy<\/p>\t\t\t\t<\/div>\n\t\t\t\t<\/div>\n\t\t\t\t\t<\/div>\n\t\t<\/div>\n\t\t\t\t<div class=\"elementor-column elementor-col-33 elementor-top-column elementor-element elementor-element-3d813381\" data-id=\"3d813381\" data-element_type=\"column\" data-e-type=\"column\">\n\t\t\t<div class=\"elementor-widget-wrap elementor-element-populated\">\n\t\t\t\t\t\t<div class=\"elementor-element elementor-element-16146ca9 elementor-widget elementor-widget-heading\" data-id=\"16146ca9\" data-element_type=\"widget\" data-e-type=\"widget\" data-widget_type=\"heading.default\">\n\t\t\t\t<div class=\"elementor-widget-container\">\n\t\t\t\t\t<h2 class=\"elementor-heading-title elementor-size-large\">Have a question?<\/h2>\t\t\t\t<\/div>\n\t\t\t\t<\/div>\n\t\t\t\t\t<\/div>\n\t\t<\/div>\n\t\t\t\t<div class=\"elementor-column elementor-col-33 elementor-top-column elementor-element elementor-element-3367039d\" data-id=\"3367039d\" data-element_type=\"column\" data-e-type=\"column\">\n\t\t\t<div class=\"elementor-widget-wrap elementor-element-populated\">\n\t\t\t\t\t\t<div class=\"elementor-element elementor-element-1476bee5 elementor-widget elementor-widget-heading\" data-id=\"1476bee5\" data-element_type=\"widget\" data-e-type=\"widget\" data-widget_type=\"heading.default\">\n\t\t\t\t<div class=\"elementor-widget-container\">\n\t\t\t\t\t<p class=\"elementor-heading-title elementor-size-small\">privacy@mirai-sec.com<\/p>\t\t\t\t<\/div>\n\t\t\t\t<\/div>\n\t\t\t\t\t<\/div>\n\t\t<\/div>\n\t\t\t\t\t<\/div>\n\t\t<\/section>\n\t\t\t\t<section class=\"elementor-section elementor-top-section elementor-element elementor-element-084bbd8 elementor-section-boxed elementor-section-height-default elementor-section-height-default\" data-id=\"084bbd8\" data-element_type=\"section\" data-e-type=\"section\" data-settings=\"{&quot;background_background&quot;:&quot;classic&quot;}\">\n\t\t\t\t\t\t<div class=\"elementor-container elementor-column-gap-default\">\n\t\t\t\t\t<div class=\"elementor-column elementor-col-100 elementor-top-column elementor-element elementor-element-074d727\" data-id=\"074d727\" data-element_type=\"column\" data-e-type=\"column\">\n\t\t\t<div class=\"elementor-widget-wrap elementor-element-populated\">\n\t\t\t\t\t\t<div class=\"elementor-element elementor-element-f4bb5c0 elementor-widget elementor-widget-heading\" data-id=\"f4bb5c0\" data-element_type=\"widget\" data-e-type=\"widget\" data-widget_type=\"heading.default\">\n\t\t\t\t<div class=\"elementor-widget-container\">\n\t\t\t\t\t<p class=\"elementor-heading-title elementor-size-large\">Web policy per i visitatori del sito Mirai SEC<\/p>\t\t\t\t<\/div>\n\t\t\t\t<\/div>\n\t\t\t\t<div class=\"elementor-element elementor-element-4d2f125 elementor-widget elementor-widget-text-editor\" data-id=\"4d2f125\" data-element_type=\"widget\" data-e-type=\"widget\" data-widget_type=\"text-editor.default\">\n\t\t\t\t<div class=\"elementor-widget-container\">\n\t\t\t\t\t\t\t\t\t<p>Ai sensi del Regolamento UE 679 \/ 2016 &#8220;GDPR&#8221; e del \u201cCodice Privacy\u201d D.lgs. 196\/ 2003,\u00a0 la presente informativa descrive le modalit\u00e0 di trattamento dei dati personali degli utenti\/ visitatori che consultano il sito web istituzionale di Mirai SEC raggiungibile all&#8217;indirizzo: <a href=\"https:\/\/www.mirai-sec.com\/en\/\">https:\/\/www.mirai-sec.com<\/a>.<br \/>Le presenti informazioni attengono esclusivamente al sito Mirai SEC e relativi sottodomini e dovranno pertanto ritenersi escluse da tale documento le informazioni rispettivamente trasmesse mediante consultazione di siti web esterni o di terze parti raggiungibili tramite link ipertestuali eventualmente pubblicati nei siti di Mirai SEC ma riferiti, o riferibili, a risorse esterne alla stessa societ\u00e0.<br \/>Mirai SEC garantisce il rispetto della normativa in materia di protezione dei dati personali coerentemente con quanto prescritto nel Codice Etico di Mirai Bay. Gli utenti\/visitatori dovranno leggere attentamente la presente Privacy Policy prima di inoltrare qualsiasi tipo di informazione personale e\/o compilare qualunque modulo elettronico presente sullo stesso sito.<\/p>\t\t\t\t\t\t\t\t<\/div>\n\t\t\t\t<\/div>\n\t\t\t\t<div class=\"elementor-element elementor-element-09e0b1a elementor-widget elementor-widget-heading\" data-id=\"09e0b1a\" data-element_type=\"widget\" data-e-type=\"widget\" data-widget_type=\"heading.default\">\n\t\t\t\t<div class=\"elementor-widget-container\">\n\t\t\t\t\t<p class=\"elementor-heading-title elementor-size-large\">Titolare del trattamento<\/p>\t\t\t\t<\/div>\n\t\t\t\t<\/div>\n\t\t\t\t<div class=\"elementor-element elementor-element-d0af593 elementor-widget elementor-widget-text-editor\" data-id=\"d0af593\" data-element_type=\"widget\" data-e-type=\"widget\" data-widget_type=\"text-editor.default\">\n\t\t\t\t<div class=\"elementor-widget-container\">\n\t\t\t\t\t\t\t\t\t<p>Il Titolare del trattamento \u00e8 Mirai SEC \u2013 con sede in Via Mecenate 84\/8 \u2013 20138 Milano(MI) \u2013 al quale gli interessati si possono rivolgere per esercitare I diritti indicati e riconosciuti dal GDPR agli artt da 15 a 22. I dati che la riguardano saranno trattati da Personale Autorizzato e opereranno in qualit\u00e0 di incaricati al trattamento sotto la diretta autorit\u00e0 del Titolare e dei soggetti da questo delegati.<\/p>\t\t\t\t\t\t\t\t<\/div>\n\t\t\t\t<\/div>\n\t\t\t\t<div class=\"elementor-element elementor-element-778482c elementor-widget elementor-widget-heading\" data-id=\"778482c\" data-element_type=\"widget\" data-e-type=\"widget\" data-widget_type=\"heading.default\">\n\t\t\t\t<div class=\"elementor-widget-container\">\n\t\t\t\t\t<p class=\"elementor-heading-title elementor-size-large\">Responsabile per la protezione dei dati<\/p>\t\t\t\t<\/div>\n\t\t\t\t<\/div>\n\t\t\t\t<div class=\"elementor-element elementor-element-a198382 elementor-widget elementor-widget-text-editor\" data-id=\"a198382\" data-element_type=\"widget\" data-e-type=\"widget\" data-widget_type=\"text-editor.default\">\n\t\t\t\t<div class=\"elementor-widget-container\">\n\t\t\t\t\t\t\t\t\t<p style=\"margin-top: 0cm; background: white;\">Mirai SEC secondo previsione dell\u2019art. 37 del GDPR ha provveduto a nominare il Data Protection Officer (DPO), raggiungibile al seguente indirizzo:\u00a0<a href=\"mailto:dpo@mirai-sec.com\">dpo@mirai-sec.com<\/a><\/p>\t\t\t\t\t\t\t\t<\/div>\n\t\t\t\t<\/div>\n\t\t\t\t<div class=\"elementor-element elementor-element-8c9ddb1 elementor-widget elementor-widget-heading\" data-id=\"8c9ddb1\" data-element_type=\"widget\" data-e-type=\"widget\" data-widget_type=\"heading.default\">\n\t\t\t\t<div class=\"elementor-widget-container\">\n\t\t\t\t\t<p class=\"elementor-heading-title elementor-size-large\">Base giuridica e modalit\u00e0 del trattamento<\/p>\t\t\t\t<\/div>\n\t\t\t\t<\/div>\n\t\t\t\t<div class=\"elementor-element elementor-element-f286a26 elementor-widget elementor-widget-text-editor\" data-id=\"f286a26\" data-element_type=\"widget\" data-e-type=\"widget\" data-widget_type=\"text-editor.default\">\n\t\t\t\t<div class=\"elementor-widget-container\">\n\t\t\t\t\t\t\t\t\t<p style=\"margin-top: 0cm; background: white;\">Mirai SEC tratta i dati personali prevalentemente in base al consenso degli utenti\/ visitatori. Il consenso viene raccolto tramite il browser, oppure tramite l\u2019uso o la consultazione del sito, quale comportamento concludente. Con l&#8217;uso o la consultazione del sito gli utenti\/visitatori approvano la presente informativa privacy e acconsentono al trattamento dei loro dati personali in relazione alle modalit\u00e0 e alle finalit\u00e0. Il trattamento viene effettuato per il tempo strettamente necessario a conseguire gli scopi per i quali i dati sono stati raccolti e, comunque, in conformit\u00e0 alle disposizioni normative vigenti in materia. Per quanto riguarda invece i dati acquisiti tramite cookie si rimanda alla sezione dedicata.<\/p>\t\t\t\t\t\t\t\t<\/div>\n\t\t\t\t<\/div>\n\t\t\t\t<div class=\"elementor-element elementor-element-ed01236 elementor-widget elementor-widget-heading\" data-id=\"ed01236\" data-element_type=\"widget\" data-e-type=\"widget\" data-widget_type=\"heading.default\">\n\t\t\t\t<div class=\"elementor-widget-container\">\n\t\t\t\t\t<p class=\"elementor-heading-title elementor-size-large\">Tipologia di dati trattati e finalit\u00e0 del trattamento<\/p>\t\t\t\t<\/div>\n\t\t\t\t<\/div>\n\t\t\t\t<div class=\"elementor-element elementor-element-391622b elementor-widget elementor-widget-text-editor\" data-id=\"391622b\" data-element_type=\"widget\" data-e-type=\"widget\" data-widget_type=\"text-editor.default\">\n\t\t\t\t<div class=\"elementor-widget-container\">\n\t\t\t\t\t\t\t\t\t<p><strong>1) DATI DI NAVIGAZIONE<\/strong><br \/>I sistemi informatici e le procedure software preposte al funzionamento di questo sito acquisiscono, nel normale esercizio, alcuni dati personali che vengono poi trasmessi implicitamente nell\u2019uso dei protocolli di comunicazione Internet. Questi dati vengono utilizzati solo per informazioni di tipo statistico (quindi sono anonimi) e per controllare il corretto funzionamento del sito e vengono cancellati subito dopo l\u2019elaborazione. I dati sui contatti web non vengono conservati, per pi\u00f9 di sette giorni, salvo eventuali accertamenti di reati informatici ai danni del sito. Nessun dato derivante dal servizio web verr\u00e0 comunicato o diffuso.<\/p>\n<p><strong>2) DATI FORNITI VOLONTARIAMENTE DAGLI UTENTI\/VISITATORI<\/strong><br \/>Qualora gli utenti\/visitatori, collegandosi a questo sito, inviino propri dati personali per accedere a determinati servizi, ovvero per effettuare richieste in posta elettronica, ci\u00f2 comporta l\u2019acquisizione da parte di Mirai SEC dell\u2019indirizzo del mittente e\/o di altri eventuali dati personali che verranno trattati esclusivamente per rispondere alla richiesta, ovvero per la fornitura del servizio.<\/p>\n<p>I dati personali forniti dagli utenti\/visitatori verranno comunicati a terzi solo nel caso in cui la comunicazione sia necessaria per ottemperare alle richieste degli utenti\/visitatori medesimi.<\/p>\n<p><strong>3) COOKIES DI TERZE PARTI<\/strong><br \/>Mirai SEC NON collabora con Terze parti che potrebbero installare cookie sul terminale dell\u2019utente tramite il sito Mirai SEC (c.d. \u201cTerze parti\u201d). Le Terze parti sono direttamente responsabili, in qualit\u00e0 di Titolari del trattamento, dei cookies da loro installati per il tramite del sito di Mirai SEC, cos\u00ec come dei trattamenti che ne fanno.<\/p>\n<p><strong>4) DISABILITAZIONE COOKIES<\/strong><br \/>I cookies sono collegati al browser utilizzato e\u00a0POSSONO ESSERE DISABILITATI DIRETTAMENTE DAL BROWSER, cos\u00ec rifiutando\/revocando il consenso all\u2019uso dei cookies. Occorre tenere presente che la disabilitazione dei cookies potrebbe impedire il corretto utilizzo di alcune funzioni del sito stesso.<\/p>\n<p><strong>5) NAVIGAZIONE ANONIMA<\/strong><br \/>Qualora non dovesse acconsentire all\u2019uso dei cookie sopra elencati, invitiamo l\u2019utente a ricorrere allo strumento della navigazione anonima, che quasi tutti i browser prevedono. In questo modo alla chiusura della finestra di navigazione anonima, tutti i cookie raccolti saranno automaticamente cancellati.<\/p>\n<p><strong>6) DATI DEI FORM<\/strong><br \/>A parte quanto specificato al precedente punto n. 1 per i dati di navigazione, gli utenti\/visitatori sono liberi di fornire i propri dati personali durante la compilazione dei form. Il loro mancato conferimento pu\u00f2 comportare l\u2019impossibilit\u00e0 di ottenere quanto richiesto. Si invitano gli utenti a leggere le informative di riferimento di ciascun form.<\/p>\t\t\t\t\t\t\t\t<\/div>\n\t\t\t\t<\/div>\n\t\t\t\t<div class=\"elementor-element elementor-element-118f350 elementor-widget elementor-widget-heading\" data-id=\"118f350\" data-element_type=\"widget\" data-e-type=\"widget\" data-widget_type=\"heading.default\">\n\t\t\t\t<div class=\"elementor-widget-container\">\n\t\t\t\t\t<p class=\"elementor-heading-title elementor-size-large\">Diritti dell\u2019Interessato<\/p>\t\t\t\t<\/div>\n\t\t\t\t<\/div>\n\t\t\t\t<div class=\"elementor-element elementor-element-7f13d9b elementor-widget elementor-widget-text-editor\" data-id=\"7f13d9b\" data-element_type=\"widget\" data-e-type=\"widget\" data-widget_type=\"text-editor.default\">\n\t\t\t\t<div class=\"elementor-widget-container\">\n\t\t\t\t\t\t\t\t\t<p>Il GDPR, oltre a garantire il diritto di reclamo all\u2019Autorit\u00e0 di Controllo, che per l\u2019Italia \u00e8 l\u2019Autorit\u00e0 Garante per la protezione dei dati personali, conferisce i seguenti diritti agli Interessati:<\/p>\n<ul>\n<li><strong>Diritto di accesso<\/strong> (art.15): Possibilit\u00e0 per l\u2019Interessato di ottenere dal Titolare la conferma che sia o meno<br \/>in corso un trattamento di dati personali che lo riguardano e di ottenere ulteriori informazioni, tra cui le finalit\u00e0 del trattamento, le categorie di dati personali e i destinatari.<\/li>\n<li><strong>Diritto di rettifica<\/strong>(art.16): Possibilit\u00e0 per l\u2019Interessato di ottenere dal Titolare la rettifica dei dati personali inesatti.<\/li>\n<li><strong>Diritto alla cancellazione<\/strong>(art.17): Possibilit\u00e0 per l\u2019Interessato di richiedere la cancellazione dei dati personali che lo riguardano laddove sussista uno dei motivi previsti dall\u2019articolo stesso, tra cui: la revoca del consenso, il trattamento illecito e l\u2019esercizio del diritto di difesa.<\/li>\n<li><strong>Diritto alla limitazione<\/strong>(art.18): Possibilit\u00e0 per l\u2019Interessato di ottenere la limitazione, configurabile come una sospensione totale o parziale del trattamento del dato o anche in alcuni casi come una immobilizzazione dello stesso. Questa pu\u00f2 essere richiesta solo in casi eccezionali espressamente determinati dalla norma, tra cui il periodo necessario a constatare l\u2019esattezza dei dati personali, un trattamento di carattere illecito, l\u2019esercizio di un diritto in sede giudiziaria.<\/li>\n<li><strong>Diritto alla portabilit\u00e0 dei dati<\/strong>(art.20): L\u2019Interessato ha il diritto di richiedere che i suoi dati gli siano comunicati, nell\u2019esercizio dei propri diritti in un formato facilmente comprensibile.<\/li>\n<li><strong>Diritto di opposizione<\/strong>(art.21): Possibilit\u00e0 per l\u2019Interessato per motivi connessi alla sua situazione particolare di opporsi ai trattamenti che Lo riguardano ai sensi dell\u2019art. 6 paragrafo 1, lettere e) ed f).<\/li>\n<\/ul>\t\t\t\t\t\t\t\t<\/div>\n\t\t\t\t<\/div>\n\t\t\t\t<div class=\"elementor-element elementor-element-ea76c08 elementor-widget elementor-widget-heading\" data-id=\"ea76c08\" data-element_type=\"widget\" data-e-type=\"widget\" data-widget_type=\"heading.default\">\n\t\t\t\t<div class=\"elementor-widget-container\">\n\t\t\t\t\t<p class=\"elementor-heading-title elementor-size-large\">Tempo di conservazione dei dati personali<\/p>\t\t\t\t<\/div>\n\t\t\t\t<\/div>\n\t\t\t\t<div class=\"elementor-element elementor-element-895712a elementor-widget elementor-widget-text-editor\" data-id=\"895712a\" data-element_type=\"widget\" data-e-type=\"widget\" data-widget_type=\"text-editor.default\">\n\t\t\t\t<div class=\"elementor-widget-container\">\n\t\t\t\t\t\t\t\t\t<p>I dati personali saranno conservati fino a quando saranno necessari per dare esecuzione alle legittime finalit\u00e0 per le quali sono stati raccolti, ovvero anche dopo il termine del rapporto di collaborazione per l\u2019espletamento di tutti gli eventuali adempimenti legali e fiscali connessi o derivanti dalla conclusione del contratto stesso.<\/p>\t\t\t\t\t\t\t\t<\/div>\n\t\t\t\t<\/div>\n\t\t\t\t<div class=\"elementor-element elementor-element-d034f52 elementor-widget elementor-widget-heading\" data-id=\"d034f52\" data-element_type=\"widget\" data-e-type=\"widget\" data-widget_type=\"heading.default\">\n\t\t\t\t<div class=\"elementor-widget-container\">\n\t\t\t\t\t<p class=\"elementor-heading-title elementor-size-large\">Diritti dell'interessato e revoca del consenso prestato<\/p>\t\t\t\t<\/div>\n\t\t\t\t<\/div>\n\t\t\t\t<div class=\"elementor-element elementor-element-fd4b2a4 elementor-widget elementor-widget-text-editor\" data-id=\"fd4b2a4\" data-element_type=\"widget\" data-e-type=\"widget\" data-widget_type=\"text-editor.default\">\n\t\t\t\t<div class=\"elementor-widget-container\">\n\t\t\t\t\t\t\t\t\t<p>Ai sensi del GDPR e del Codice Privacy, l\u2019Utente nella sua qualit\u00e0 di Interessato pu\u00f2, secondo le modalit\u00e0 e nei limiti previsti dalla vigente normativa, esercitare i diritti previsti dagli artt. da 15 a 21 mediante la compilazione del\u00a0<em>form\u00a0<\/em>disponibile sul sito web di MIRAI SEC all\u2019indirizzo: <a href=\"https:\/\/www.mirai-sec.com\/en\/privacy-rights\/\">https:\/\/www.mirai-sec.com\/privacy-rights<\/a><\/p>\t\t\t\t\t\t\t\t<\/div>\n\t\t\t\t<\/div>\n\t\t\t\t\t<\/div>\n\t\t<\/div>\n\t\t\t\t\t<\/div>\n\t\t<\/section>\n\t\t\t\t<\/div>","protected":false},"excerpt":{"rendered":"<p>Privacy Policy Have a question? privacy@mirai-sec.com Web policy per i visitatori del sito Mirai SEC Ai sensi del Regolamento UE 679 \/ 2016 &#8220;GDPR&#8221; e del \u201cCodice Privacy\u201d D.lgs. 196\/ 2003,\u00a0 la presente informativa descrive le modalit\u00e0 di trattamento dei dati personali degli utenti\/ visitatori che consultano il sito web istituzionale di Mirai SEC raggiungibile [&hellip;]<\/p>\n","protected":false},"author":1,"featured_media":0,"parent":0,"menu_order":0,"comment_status":"closed","ping_status":"closed","template":"elementor_canvas","meta":{"footnotes":""},"class_list":["post-3","page","type-page","status-publish","hentry"],"_links":{"self":[{"href":"https:\/\/www.mirai-sec.com\/en\/wp-json\/wp\/v2\/pages\/3","targetHints":{"allow":["GET"]}}],"collection":[{"href":"https:\/\/www.mirai-sec.com\/en\/wp-json\/wp\/v2\/pages"}],"about":[{"href":"https:\/\/www.mirai-sec.com\/en\/wp-json\/wp\/v2\/types\/page"}],"author":[{"embeddable":true,"href":"https:\/\/www.mirai-sec.com\/en\/wp-json\/wp\/v2\/users\/1"}],"replies":[{"embeddable":true,"href":"https:\/\/www.mirai-sec.com\/en\/wp-json\/wp\/v2\/comments?post=3"}],"version-history":[{"count":24,"href":"https:\/\/www.mirai-sec.com\/en\/wp-json\/wp\/v2\/pages\/3\/revisions"}],"predecessor-version":[{"id":714,"href":"https:\/\/www.mirai-sec.com\/en\/wp-json\/wp\/v2\/pages\/3\/revisions\/714"}],"wp:attachment":[{"href":"https:\/\/www.mirai-sec.com\/en\/wp-json\/wp\/v2\/media?parent=3"}],"curies":[{"name":"wp","href":"https:\/\/api.w.org\/{rel}","templated":true}]}}